{"id":16,"date":"2025-01-28T06:15:02","date_gmt":"2025-01-28T05:15:02","guid":{"rendered":"https:\/\/g-solutionsonline.com\/?page_id=16"},"modified":"2025-04-08T21:18:16","modified_gmt":"2025-04-08T19:18:16","slug":"inicio","status":"publish","type":"page","link":"https:\/\/g-solutionsonline.com\/","title":{"rendered":"Inicio"},"content":{"rendered":"\n<div class=\"wp-block-uagb-container uagb-block-86d1bddf alignfull uagb-is-root-container\"><div class=\"uagb-container-inner-blocks-wrap\">\n<div class=\"wp-block-uagb-container uagb-block-09092b1d\">\n<div class=\"wp-block-uagb-advanced-heading uagb-block-bccbc586\"><h2 class=\"uagb-heading-text\">La mejor opci\u00f3n para el mantenimiento y gesti\u00f3nde su infraestructura tecnol\u00f3gica.<\/h2><p class=\"uagb-desc-text\">Nuestro compromiso con la calidad y excelencia<\/p><\/div>\n<\/div>\n\n\n\n<div class=\"wp-block-uagb-container uagb-block-a346cc1e\">\n<div class=\"wp-block-uagb-slider uagb-block-32c98133 uagb-slider-container\"><div class=\"uagb-slides uagb-swiper\"><div class=\"swiper-wrapper\">\n<div class=\"wp-block-uagb-slider-child uagb-slider-child-wrap swiper-slide uagb-block-98712a98\"><div class=\"swiper-content\">\n<div data-aos= \"zoom-in-down\" data-aos-duration=\"400\" data-aos-delay=\"0\" data-aos-easing=\"ease\" data-aos-once=\"true\" class=\"wp-block-uagb-info-box uagb-block-618dc8f8 uagb-infobox__content-wrap  uagb-infobox-icon-above-title uagb-infobox-image-valign-top\"><div class=\"uagb-ifb-content\"><div class=\"uagb-ifb-image-content\"><img decoding=\"async\" src=\"https:\/\/g-solutionsonline.com\/wp-content\/uploads\/2025\/02\/Mantenimiento-torres-1.jpg\" alt=\"\" width=\"\" height=\"0\" loading=\"lazy\"\/><\/div><div class=\"uagb-ifb-title-wrap\"><\/div><\/div><\/div>\n<\/div><\/div>\n\n\n\n<div class=\"wp-block-uagb-slider-child uagb-slider-child-wrap swiper-slide uagb-block-385b3de7\"><div class=\"swiper-content\">\n<div class=\"wp-block-uagb-info-box uagb-block-a5274140 uagb-infobox__content-wrap  uagb-infobox-icon-above-title uagb-infobox-image-valign-top\"><div class=\"uagb-ifb-content\"><div class=\"uagb-ifb-image-content\"><img decoding=\"async\" src=\"https:\/\/g-solutionsonline.com\/wp-content\/uploads\/2025\/02\/Mantenimiento-infra-2-1024x759.jpg\" alt=\"\" width=\"\" height=\"0\" loading=\"lazy\"\/><\/div><div class=\"uagb-ifb-title-wrap\"><\/div><\/div><\/div>\n<\/div><\/div>\n\n\n\n<div class=\"wp-block-uagb-slider-child uagb-slider-child-wrap swiper-slide uagb-block-abb152ea\"><div class=\"swiper-content\">\n<div data-aos= \"zoom-in-down\" data-aos-duration=\"400\" data-aos-delay=\"0\" data-aos-easing=\"ease\" data-aos-once=\"true\" class=\"wp-block-uagb-info-box uagb-block-e3f52e8c uagb-infobox__content-wrap  uagb-infobox-icon-above-title uagb-infobox-image-valign-top\"><div class=\"uagb-ifb-content\"><div class=\"uagb-ifb-image-content\"><img decoding=\"async\" src=\"https:\/\/g-solutionsonline.com\/wp-content\/uploads\/2025\/02\/Mantenimiento-Electrico-3-1024x765.jpg\" alt=\"\" width=\"\" height=\"0\" loading=\"lazy\"\/><\/div><div class=\"uagb-ifb-title-wrap\"><\/div><\/div><\/div>\n<\/div><\/div>\n<\/div><\/div><\/div>\n<\/div>\n<\/div><\/div>\n\n\n\n<div class=\"wp-block-uagb-container uagb-block-81a17970 default uagb-is-root-container\">\n<div class=\"wp-block-uagb-advanced-heading uagb-block-27a32415\"><h2 class=\"uagb-heading-text\">Nuestro portafolio<\/h2><div class=\"uagb-separator\"><\/div><\/div>\n<\/div>\n\n\n\n<div class=\"wp-block-uagb-container uagb-block-2d1d6f5b alignfull uagb-is-root-container\"><div class=\"uagb-container-inner-blocks-wrap\">\n<div class=\"wp-block-uagb-container uagb-block-18415a88\">\n<div class=\"wp-block-uagb-info-box uagb-block-933d3623 uagb-infobox__content-wrap  uagb-infobox-icon-below-title uagb-infobox-image-valign-top\"><div class=\"uagb-ifb-content\"><div class=\"uagb-ifb-title-wrap\"><h2 class=\"uagb-ifb-title\">Servicios profesionales<\/h2><\/div><div class=\"uagb-ifb-separator\"><\/div><div class=\"uagb-ifb-image-content\"><img decoding=\"async\" src=\"https:\/\/g-solutionsonline.com\/wp-content\/uploads\/2025\/02\/Servicios-profesionales-2-1024x551.jpg\" alt=\"\" width=\"100\" height=\"53\" loading=\"lazy\"\/><\/div><p class=\"uagb-ifb-desc\">Portafolio dise\u00f1ado para proveer  servicios de consultoria, dise\u00f1o e implementaci\u00f3n de soluciones tecnol\u00f3gicas, asegurando que las empresas dispongan de soluciones confiables, robustas, y escalables.<br><\/p><div class=\"uagb-ifb-button-wrapper wp-block-button\"><a href=\"https:\/\/g-solutionsonline.com\/index.php\/servicios-profesionales\/\" class=\"uagb-infobox-cta-link wp-block-button__link\" target=\"_self\" rel=\"noopener noreferrer\" onclick=\"return true;\"><span class=\"uagb-inline-editing\">Leer m\u00e1s<\/span><\/a><\/div><\/div><\/div>\n<\/div>\n\n\n\n<div class=\"wp-block-uagb-container uagb-block-09c4a753\">\n<div class=\"wp-block-uagb-info-box uagb-block-465cce95 uagb-infobox__content-wrap  uagb-infobox-icon-below-title uagb-infobox-image-valign-top\"><div class=\"uagb-ifb-content\"><div class=\"uagb-ifb-title-wrap\"><h2 class=\"uagb-ifb-title\">Gesti\u00f3n de redes<\/h2><\/div><div class=\"uagb-ifb-separator\"><\/div><div class=\"uagb-ifb-image-content\"><img decoding=\"async\" src=\"https:\/\/g-solutionsonline.com\/wp-content\/uploads\/2025\/02\/Servicios-Gestion-de-redes-3-1024x554.jpg\" alt=\"\" width=\"100\" height=\"54\" loading=\"lazy\"\/><\/div><div class=\"uagb-ifb-desc\">\n<p>Nuestro enfoque es garantizar un entorno operativo y seguro, habilitado para prevenir y resolver problemas en tiempo real, optimizando el desempe\u00f1o de la red a trav\u00e9s de la generaci\u00f3n de informes y  la toma de decisiones. <\/p>\n<\/div><div class=\"uagb-ifb-button-wrapper wp-block-button\"><a href=\"https:\/\/g-solutionsonline.com\/index.php\/gestion-de-redes\/\" class=\"uagb-infobox-cta-link wp-block-button__link\" target=\"_self\" rel=\"noopener noreferrer\" onclick=\"return true;\"><span class=\"uagb-inline-editing\">Leer m\u00e1s<\/span><\/a><\/div><\/div><\/div>\n<\/div>\n\n\n\n<div class=\"wp-block-uagb-container uagb-block-8061047a\">\n<div class=\"wp-block-uagb-info-box uagb-block-fdf7beec uagb-infobox__content-wrap  uagb-infobox-icon-below-title uagb-infobox-image-valign-top\"><div class=\"uagb-ifb-content\"><div class=\"uagb-ifb-title-wrap\"><h2 class=\"uagb-ifb-title\">Mantenimiento y soporte<\/h2><\/div><div class=\"uagb-ifb-separator\"><\/div><div class=\"uagb-ifb-image-content\"><img decoding=\"async\" src=\"https:\/\/g-solutionsonline.com\/wp-content\/uploads\/2025\/02\/Manto-electrico-2-1536x916.jpg\" alt=\"\" width=\"100\" height=\"59\" loading=\"lazy\"\/><\/div><div class=\"uagb-ifb-desc\">\n<p>Nuestra promesa de valor  es garantizar una infraestructura confiable, segura, operativa y preparada para las exigencias del futuro, optimizando costos y maximizando la productividad del cliente.<\/p>\n\n\n\n<p><\/p>\n<\/div><div class=\"uagb-ifb-button-wrapper wp-block-button\"><a href=\"https:\/\/g-solutionsonline.com\/index.php\/mantenimiento-y-soporte\/\" class=\"uagb-infobox-cta-link wp-block-button__link\" target=\"_self\" rel=\"noopener noreferrer\" onclick=\"return true;\"><span class=\"uagb-inline-editing\">Leer m\u00e1s<\/span><\/a><\/div><\/div><\/div>\n<\/div>\n\n\n\n<div class=\"wp-block-uagb-container uagb-block-afac0af6\">\n<div class=\"wp-block-uagb-info-box uagb-block-a3026813 uagb-infobox__content-wrap  uagb-infobox-icon-below-title uagb-infobox-image-valign-top\"><div class=\"uagb-ifb-content\"><div class=\"uagb-ifb-title-wrap\"><h2 class=\"uagb-ifb-title\">Suministros<\/h2><\/div><div class=\"uagb-ifb-separator\"><\/div><div class=\"uagb-ifb-image-content\"><img decoding=\"async\" src=\"https:\/\/g-solutionsonline.com\/wp-content\/uploads\/2025\/02\/cable-electrico-1024x554.jpg\" alt=\"\" width=\"100\" height=\"54\" loading=\"lazy\"\/><\/div><div class=\"uagb-ifb-desc\">\n<p>Garantizamos soluciones tecnol\u00f3gicas integrales, desde la provisi\u00f3n de equipos y materiales hasta la implementaci\u00f3n y soporte, optimizando la infraestructura de nuestros clientes para un rendimiento superior y sostenible.<\/p>\n\n\n\n<p><\/p>\n<\/div><div class=\"uagb-ifb-button-wrapper wp-block-button\"><a href=\"https:\/\/g-solutionsonline.com\/index.php\/suministros\/\" class=\"uagb-infobox-cta-link ast-outline-button\" target=\"_self\" rel=\"noopener noreferrer\" style=\"border-width:revert-layer\" onclick=\"return true;\"><span class=\"uagb-inline-editing\">Leer m\u00e1s<\/span><\/a><\/div><\/div><\/div>\n<\/div>\n<\/div><\/div>\n\n\n\n<p><\/p>\n\n\n\n<div class=\"wp-block-uagb-container uagb-block-da656e0b alignfull uagb-is-root-container\"><div class=\"uagb-container-inner-blocks-wrap\"><\/div><\/div>\n","protected":false},"excerpt":{"rendered":"<p>La mejor opci\u00f3n para el mantenimiento y gesti\u00f3nde su infraestructura tecnol\u00f3gica. Nuestro compromiso con la calidad y excelencia Nuestro portafolio<\/p>\n","protected":false},"author":1,"featured_media":0,"parent":0,"menu_order":0,"comment_status":"closed","ping_status":"closed","template":"","meta":{"_uag_custom_page_level_css":"","site-sidebar-layout":"default","site-content-layout":"","ast-site-content-layout":"","site-content-style":"default","site-sidebar-style":"default","ast-global-header-display":"","ast-banner-title-visibility":"","ast-main-header-display":"","ast-hfb-above-header-display":"","ast-hfb-below-header-display":"","ast-hfb-mobile-header-display":"","site-post-title":"disabled","ast-breadcrumbs-content":"","ast-featured-img":"disabled","footer-sml-layout":"","theme-transparent-header-meta":"","adv-header-id-meta":"","stick-header-meta":"","header-above-stick-meta":"","header-main-stick-meta":"","header-below-stick-meta":"","astra-migrate-meta-layouts":"default","ast-page-background-enabled":"default","ast-page-background-meta":{"desktop":{"background-color":"var(--ast-global-color-5)","background-image":"","background-repeat":"repeat","background-position":"center center","background-size":"auto","background-attachment":"scroll","background-type":"","background-media":"","overlay-type":"","overlay-color":"","overlay-opacity":"","overlay-gradient":""},"tablet":{"background-color":"","background-image":"","background-repeat":"repeat","background-position":"center center","background-size":"auto","background-attachment":"scroll","background-type":"","background-media":"","overlay-type":"","overlay-color":"","overlay-opacity":"","overlay-gradient":""},"mobile":{"background-color":"","background-image":"","background-repeat":"repeat","background-position":"center center","background-size":"auto","background-attachment":"scroll","background-type":"","background-media":"","overlay-type":"","overlay-color":"","overlay-opacity":"","overlay-gradient":""}},"ast-content-background-meta":{"desktop":{"background-color":"var(--ast-global-color-4)","background-image":"","background-repeat":"repeat","background-position":"center center","background-size":"auto","background-attachment":"scroll","background-type":"","background-media":"","overlay-type":"","overlay-color":"","overlay-opacity":"","overlay-gradient":""},"tablet":{"background-color":"var(--ast-global-color-4)","background-image":"","background-repeat":"repeat","background-position":"center center","background-size":"auto","background-attachment":"scroll","background-type":"","background-media":"","overlay-type":"","overlay-color":"","overlay-opacity":"","overlay-gradient":""},"mobile":{"background-color":"var(--ast-global-color-4)","background-image":"","background-repeat":"repeat","background-position":"center center","background-size":"auto","background-attachment":"scroll","background-type":"","background-media":"","overlay-type":"","overlay-color":"","overlay-opacity":"","overlay-gradient":""}},"footnotes":""},"class_list":["post-16","page","type-page","status-publish","hentry"],"uagb_featured_image_src":{"full":false,"thumbnail":false,"medium":false,"medium_large":false,"large":false,"1536x1536":false,"2048x2048":false},"uagb_author_info":{"display_name":"Ivan","author_link":"https:\/\/g-solutionsonline.com\/author\/ivan\/"},"uagb_comment_info":0,"uagb_excerpt":"La mejor opci\u00f3n para el mantenimiento y gesti\u00f3nde su infraestructura tecnol\u00f3gica. Nuestro compromiso con la calidad y excelencia Nuestro portafolio","_links":{"self":[{"href":"https:\/\/g-solutionsonline.com\/index.php\/wp-json\/wp\/v2\/pages\/16","targetHints":{"allow":["GET"]}}],"collection":[{"href":"https:\/\/g-solutionsonline.com\/index.php\/wp-json\/wp\/v2\/pages"}],"about":[{"href":"https:\/\/g-solutionsonline.com\/index.php\/wp-json\/wp\/v2\/types\/page"}],"author":[{"embeddable":true,"href":"https:\/\/g-solutionsonline.com\/index.php\/wp-json\/wp\/v2\/users\/1"}],"replies":[{"embeddable":true,"href":"https:\/\/g-solutionsonline.com\/index.php\/wp-json\/wp\/v2\/comments?post=16"}],"version-history":[{"count":420,"href":"https:\/\/g-solutionsonline.com\/index.php\/wp-json\/wp\/v2\/pages\/16\/revisions"}],"predecessor-version":[{"id":1303,"href":"https:\/\/g-solutionsonline.com\/index.php\/wp-json\/wp\/v2\/pages\/16\/revisions\/1303"}],"wp:attachment":[{"href":"https:\/\/g-solutionsonline.com\/index.php\/wp-json\/wp\/v2\/media?parent=16"}],"curies":[{"name":"wp","href":"https:\/\/api.w.org\/{rel}","templated":true}]}}